{"id":14436,"date":"2022-01-17T04:23:26","date_gmt":"2022-01-17T01:23:26","guid":{"rendered":"https:\/\/ingev.org\/?page_id=14436"},"modified":"2022-01-19T02:49:00","modified_gmt":"2022-01-18T23:49:00","slug":"press-room","status":"publish","type":"page","link":"https:\/\/ingev.org\/en\/press-room\/","title":{"rendered":"Press Room"},"content":{"rendered":"\t\t<div data-elementor-type=\"wp-page\" data-elementor-id=\"14436\" class=\"elementor elementor-14436\">\n\t\t\t\t\t\t<section class=\"elementor-section elementor-top-section elementor-element elementor-element-0f2c47a elementor-section-boxed elementor-section-height-default elementor-section-height-default\" data-id=\"0f2c47a\" data-element_type=\"section\">\n\t\t\t\t\t\t<div class=\"elementor-container elementor-column-gap-default\">\n\t\t\t\t\t<div class=\"aux-parallax-section elementor-column elementor-col-100 elementor-top-column elementor-element elementor-element-4ca5680\" data-id=\"4ca5680\" data-element_type=\"column\">\n\t\t\t<div class=\"elementor-widget-wrap elementor-element-populated\">\n\t\t\t\t\t\t<div class=\"elementor-element elementor-element-a176d65 elementor-widget elementor-widget-accordion\" data-id=\"a176d65\" data-element_type=\"widget\" data-widget_type=\"accordion.default\">\n\t\t\t\t<div class=\"elementor-widget-container\">\n\t\t\t<style>\/*! elementor - v3.21.0 - 20-05-2024 *\/\n.elementor-accordion{text-align:start}.elementor-accordion .elementor-accordion-item{border:1px solid #d5d8dc}.elementor-accordion .elementor-accordion-item+.elementor-accordion-item{border-top:none}.elementor-accordion .elementor-tab-title{margin:0;padding:15px 20px;font-weight:700;line-height:1;cursor:pointer;outline:none}.elementor-accordion .elementor-tab-title .elementor-accordion-icon{display:inline-block;width:1.5em}.elementor-accordion .elementor-tab-title .elementor-accordion-icon svg{width:1em;height:1em}.elementor-accordion .elementor-tab-title .elementor-accordion-icon.elementor-accordion-icon-right{float:right;text-align:right}.elementor-accordion .elementor-tab-title .elementor-accordion-icon.elementor-accordion-icon-left{float:left;text-align:left}.elementor-accordion .elementor-tab-title .elementor-accordion-icon .elementor-accordion-icon-closed{display:block}.elementor-accordion .elementor-tab-title .elementor-accordion-icon .elementor-accordion-icon-opened,.elementor-accordion .elementor-tab-title.elementor-active .elementor-accordion-icon-closed{display:none}.elementor-accordion .elementor-tab-title.elementor-active .elementor-accordion-icon-opened{display:block}.elementor-accordion .elementor-tab-content{display:none;padding:15px 20px;border-top:1px solid #d5d8dc}@media (max-width:767px){.elementor-accordion .elementor-tab-title{padding:12px 15px}.elementor-accordion .elementor-tab-title .elementor-accordion-icon{width:1.2em}.elementor-accordion .elementor-tab-content{padding:7px 15px}}.e-con-inner>.elementor-widget-accordion,.e-con>.elementor-widget-accordion{width:var(--container-widget-width);--flex-grow:var(--container-widget-flex-grow)}<\/style>\t\t<div class=\"elementor-accordion\">\n\t\t\t\t\t\t\t<div class=\"elementor-accordion-item\">\n\t\t\t\t\t<div id=\"elementor-tab-title-1691\" class=\"elementor-tab-title\" data-tab=\"1\" role=\"button\" aria-controls=\"elementor-tab-content-1691\" aria-expanded=\"false\">\n\t\t\t\t\t\t\t\t\t\t\t\t\t<span class=\"elementor-accordion-icon elementor-accordion-icon-left\" aria-hidden=\"true\">\n\t\t\t\t\t\t\t\t\t\t\t\t\t\t\t<span class=\"elementor-accordion-icon-closed\"><i class=\"fas fa-plus\"><\/i><\/span>\n\t\t\t\t\t\t\t\t<span class=\"elementor-accordion-icon-opened\"><i class=\"fas fa-minus\"><\/i><\/span>\n\t\t\t\t\t\t\t\t\t\t\t\t\t\t<\/span>\n\t\t\t\t\t\t\t\t\t\t\t\t<a class=\"elementor-accordion-title\" tabindex=\"0\">EBRD launches mentoring programme for Syrian entrepreneurs in Turkey<\/a>\n\t\t\t\t\t<\/div>\n\t\t\t\t\t<div id=\"elementor-tab-content-1691\" class=\"elementor-tab-content elementor-clearfix\" data-tab=\"1\" role=\"region\" aria-labelledby=\"elementor-tab-title-1691\"><p>Syrian entrepreneurs in Turkey, who have fled the conflict in their home country, will have access to local business networks and know-how to build their managerial capacity thanks to a mentoring programme launched by the EBRD today.\u00a0<strong><em><a href=\"https:\/\/www.ebrd.com\/news\/2019\/ebrd-launches-mentoring-programme-for-syrian-entrepreneurs-in-turkey.html\" target=\"_blank\" rel=\"noopener noreferrer\">Continue reading\u2026<\/a><\/em><\/strong><\/p><\/div>\n\t\t\t\t<\/div>\n\t\t\t\t\t\t\t<div class=\"elementor-accordion-item\">\n\t\t\t\t\t<div id=\"elementor-tab-title-1692\" class=\"elementor-tab-title\" data-tab=\"2\" role=\"button\" aria-controls=\"elementor-tab-content-1692\" aria-expanded=\"false\">\n\t\t\t\t\t\t\t\t\t\t\t\t\t<span class=\"elementor-accordion-icon elementor-accordion-icon-left\" aria-hidden=\"true\">\n\t\t\t\t\t\t\t\t\t\t\t\t\t\t\t<span class=\"elementor-accordion-icon-closed\"><i class=\"fas fa-plus\"><\/i><\/span>\n\t\t\t\t\t\t\t\t<span class=\"elementor-accordion-icon-opened\"><i class=\"fas fa-minus\"><\/i><\/span>\n\t\t\t\t\t\t\t\t\t\t\t\t\t\t<\/span>\n\t\t\t\t\t\t\t\t\t\t\t\t<a class=\"elementor-accordion-title\" tabindex=\"0\">Turkey, once a haven for Syrian refugees, grows weary of their presence<\/a>\n\t\t\t\t\t<\/div>\n\t\t\t\t\t<div id=\"elementor-tab-content-1692\" class=\"elementor-tab-content elementor-clearfix\" data-tab=\"2\" role=\"region\" aria-labelledby=\"elementor-tab-title-1692\"><p><span class=\"dateline\">GAZIANTEP, Turkey\u00a0<\/span>\u2014 As a horrific war escalated next door, Turkey opened its doors to Syrian refugees, granting them access to free health care and promising citizenship to thousands. More than 3 million Syrians accepted that welcome and put down roots. They started businesses and sent their children to school.\u00a0<strong><em><a href=\"https:\/\/www.washingtonpost.com\/world\/turkey-to-syrian-refugees-you-dont-have-to-go-home-but-dont-stay-here\/2018\/04\/04\/d1b17d8c-222a-11e8-946c-9420060cb7bd_story.html?noredirect=on&amp;utm_term=.af71a241dedd\" target=\"_blank\" rel=\"noopener noreferrer\">Continue reading\u2026<\/a><\/em><\/strong><\/p><\/div>\n\t\t\t\t<\/div>\n\t\t\t\t\t\t\t<div class=\"elementor-accordion-item\">\n\t\t\t\t\t<div id=\"elementor-tab-title-1693\" class=\"elementor-tab-title\" data-tab=\"3\" role=\"button\" aria-controls=\"elementor-tab-content-1693\" aria-expanded=\"false\">\n\t\t\t\t\t\t\t\t\t\t\t\t\t<span class=\"elementor-accordion-icon elementor-accordion-icon-left\" aria-hidden=\"true\">\n\t\t\t\t\t\t\t\t\t\t\t\t\t\t\t<span class=\"elementor-accordion-icon-closed\"><i class=\"fas fa-plus\"><\/i><\/span>\n\t\t\t\t\t\t\t\t<span class=\"elementor-accordion-icon-opened\"><i class=\"fas fa-minus\"><\/i><\/span>\n\t\t\t\t\t\t\t\t\t\t\t\t\t\t<\/span>\n\t\t\t\t\t\t\t\t\t\t\t\t<a class=\"elementor-accordion-title\" tabindex=\"0\">H\u00fcrriyet Daily News \u2013 Nearly 75 percent of Syrian migrants in Turkey want citizenship: Study<\/a>\n\t\t\t\t\t<\/div>\n\t\t\t\t\t<div id=\"elementor-tab-content-1693\" class=\"elementor-tab-content elementor-clearfix\" data-tab=\"3\" role=\"region\" aria-labelledby=\"elementor-tab-title-1693\"><p>Nearly 75 percent of Syrian migrants in Turkey want Turkish citizenship, according to a study carried out by Ipsos Research Company and the Human Development Foundation (INGEV). The study also revealed that 52 percent of Syrians would want to continue living in Turkey.\u00a0<strong><em><a href=\"http:\/\/www.hurriyetdailynews.com\/nearly-75-percent-of-syrian-migrants-in-turkey-want-citizenship-study-121785\" target=\"_blank\" rel=\"noopener noreferrer\">Continue reading\u2026<\/a><\/em><\/strong><\/p><\/div>\n\t\t\t\t<\/div>\n\t\t\t\t\t\t\t<div class=\"elementor-accordion-item\">\n\t\t\t\t\t<div id=\"elementor-tab-title-1694\" class=\"elementor-tab-title\" data-tab=\"4\" role=\"button\" aria-controls=\"elementor-tab-content-1694\" aria-expanded=\"false\">\n\t\t\t\t\t\t\t\t\t\t\t\t\t<span class=\"elementor-accordion-icon elementor-accordion-icon-left\" aria-hidden=\"true\">\n\t\t\t\t\t\t\t\t\t\t\t\t\t\t\t<span class=\"elementor-accordion-icon-closed\"><i class=\"fas fa-plus\"><\/i><\/span>\n\t\t\t\t\t\t\t\t<span class=\"elementor-accordion-icon-opened\"><i class=\"fas fa-minus\"><\/i><\/span>\n\t\t\t\t\t\t\t\t\t\t\t\t\t\t<\/span>\n\t\t\t\t\t\t\t\t\t\t\t\t<a class=\"elementor-accordion-title\" tabindex=\"0\">ANSAMED \u2013 Migranti: met\u00e0 siriani in Turchia vorrebbe restarci in futuro<\/a>\n\t\t\t\t\t<\/div>\n\t\t\t\t\t<div id=\"elementor-tab-content-1694\" class=\"elementor-tab-content elementor-clearfix\" data-tab=\"4\" role=\"region\" aria-labelledby=\"elementor-tab-title-1694\"><p>ISTANBUL \u2013\u00a0Oltre la met\u00e0 dei rifugiati siriani in Turchia vorrebbe continuare a viverci anche in futuro. \u00c8 quanto emerge da uno studio condotto dalla compagnia di ricerca Ipsos insieme alla Human Development Foundation (Ingev). Secondo la ricerca, effettuata attraverso interviste faccia a faccia con un campione di 1.282 siriani in 10 province che ospitano un\u2019alta percentuale di rifugiati, soprattutto nelle zone di confine nel sud-est della Turchia. Un\u2019affezione al Paese di adozione testimoniata anche dal fatto che siriani 3 su 4 vorrebbero poter ottenere la cittadinanza turca: un\u2019eventualit\u00e0 ipotizzata in passato dallo stesso presidente Recep Tayyip Erdogan, pur senza mai specificare la platea effettivamente interessata n\u00e9 i criteri per avere il nuovo passaporto.\u00a0\u00a0<strong><em><a href=\"http:\/\/www.ansamed.info\/ansamed\/it\/notizie\/stati\/siria\/2017\/11\/03\/migrantimeta-siriani-in-turchia-vorrebbe-restarci-in-futuro_3c32cc91-068f-489e-b774-4d4bd47687b0.html\" target=\"_blank\" rel=\"noopener noreferrer\">Continue reading\u2026<\/a><\/em><\/strong><\/p><\/div>\n\t\t\t\t<\/div>\n\t\t\t\t\t\t\t<div class=\"elementor-accordion-item\">\n\t\t\t\t\t<div id=\"elementor-tab-title-1695\" class=\"elementor-tab-title\" data-tab=\"5\" role=\"button\" aria-controls=\"elementor-tab-content-1695\" aria-expanded=\"false\">\n\t\t\t\t\t\t\t\t\t\t\t\t\t<span class=\"elementor-accordion-icon elementor-accordion-icon-left\" aria-hidden=\"true\">\n\t\t\t\t\t\t\t\t\t\t\t\t\t\t\t<span class=\"elementor-accordion-icon-closed\"><i class=\"fas fa-plus\"><\/i><\/span>\n\t\t\t\t\t\t\t\t<span class=\"elementor-accordion-icon-opened\"><i class=\"fas fa-minus\"><\/i><\/span>\n\t\t\t\t\t\t\t\t\t\t\t\t\t\t<\/span>\n\t\t\t\t\t\t\t\t\t\t\t\t<a class=\"elementor-accordion-title\" tabindex=\"0\">SOLinternational \u2013 About 75% of Syrian refugees in Turkey want to get citizenship \u2013 Reports<\/a>\n\t\t\t\t\t<\/div>\n\t\t\t\t\t<div id=\"elementor-tab-content-1695\" class=\"elementor-tab-content elementor-clearfix\" data-tab=\"5\" role=\"region\" aria-labelledby=\"elementor-tab-title-1695\"><p>A fresh poll revealed on Thursday that nearly 75 percent of Syrian refugees accommodated in Turkey seek acquiring the country\u2019s citizenship, local media reported.\u00a0According to the survey conducted by the Ipsos Research Company and INGEV (Human Development Foundation).\u00a052 percent of Syrians living in Turkey want to continue living in the country.\u00a0<strong><em><a href=\"https:\/\/news.sol.org.tr\/about-75-syrian-refugees-turkey-want-get-citizenship-reports-173435\" target=\"_blank\" rel=\"noopener noreferrer\">Continue reading\u2026<\/a><\/em><\/strong><\/p><\/div>\n\t\t\t\t<\/div>\n\t\t\t\t\t\t\t<div class=\"elementor-accordion-item\">\n\t\t\t\t\t<div id=\"elementor-tab-title-1696\" class=\"elementor-tab-title\" data-tab=\"6\" role=\"button\" aria-controls=\"elementor-tab-content-1696\" aria-expanded=\"false\">\n\t\t\t\t\t\t\t\t\t\t\t\t\t<span class=\"elementor-accordion-icon elementor-accordion-icon-left\" aria-hidden=\"true\">\n\t\t\t\t\t\t\t\t\t\t\t\t\t\t\t<span class=\"elementor-accordion-icon-closed\"><i class=\"fas fa-plus\"><\/i><\/span>\n\t\t\t\t\t\t\t\t<span class=\"elementor-accordion-icon-opened\"><i class=\"fas fa-minus\"><\/i><\/span>\n\t\t\t\t\t\t\t\t\t\t\t\t\t\t<\/span>\n\t\t\t\t\t\t\t\t\t\t\t\t<a class=\"elementor-accordion-title\" tabindex=\"0\">INFOMIGRANTS \u2013 Half of Syrians in Turkey would like to stay<\/a>\n\t\t\t\t\t<\/div>\n\t\t\t\t\t<div id=\"elementor-tab-content-1696\" class=\"elementor-tab-content elementor-clearfix\" data-tab=\"6\" role=\"region\" aria-labelledby=\"elementor-tab-title-1696\"><p class=\"article-content__description\">A research carried out by the Ipsos Research Company and Human Development Foundation (Ingev) has revealed that an estimated three-fourths of Syrians in Turkey would like to become citizens. Over half of Syrian refugees in Turkey would like to stay and live in the country in the future, according to a study carried out by the Ipsos Research Company together with Human Development Foundation (Ingev).&nbsp;<strong><em><a href=\"http:\/\/www.infomigrants.net\/en\/post\/5933\/half-of-syrians-in-turkey-would-like-to-stay\" target=\"_blank\" rel=\"noopener noreferrer\">Continue reading\u2026<\/a><\/em><\/strong><\/p><\/div>\n\t\t\t\t<\/div>\n\t\t\t\t\t\t\t<div class=\"elementor-accordion-item\">\n\t\t\t\t\t<div id=\"elementor-tab-title-1697\" class=\"elementor-tab-title\" data-tab=\"7\" role=\"button\" aria-controls=\"elementor-tab-content-1697\" aria-expanded=\"false\">\n\t\t\t\t\t\t\t\t\t\t\t\t\t<span class=\"elementor-accordion-icon elementor-accordion-icon-left\" aria-hidden=\"true\">\n\t\t\t\t\t\t\t\t\t\t\t\t\t\t\t<span class=\"elementor-accordion-icon-closed\"><i class=\"fas fa-plus\"><\/i><\/span>\n\t\t\t\t\t\t\t\t<span class=\"elementor-accordion-icon-opened\"><i class=\"fas fa-minus\"><\/i><\/span>\n\t\t\t\t\t\t\t\t\t\t\t\t\t\t<\/span>\n\t\t\t\t\t\t\t\t\t\t\t\t<a class=\"elementor-accordion-title\" tabindex=\"0\">DAILYSABAH \u2013 Syrian businesses in Turkey provide 100,000 jobs<\/a>\n\t\t\t\t\t<\/div>\n\t\t\t\t\t<div id=\"elementor-tab-content-1697\" class=\"elementor-tab-content elementor-clearfix\" data-tab=\"7\" role=\"region\" aria-labelledby=\"elementor-tab-title-1697\"><p>ince their arrival in the country as refugees, Syrian businesspeople have been actively participating and contributing to the Turkish economy. According to the latest statistics, around 8,100 firms with Syrian capital provide approximately 100,000 jobs in Turkey.&nbsp;<strong><em><a href=\"https:\/\/www.dailysabah.com\/economy\/2017\/10\/21\/syrian-businesses-in-turkey-provide-100000-jobs\" target=\"_blank\" rel=\"noopener noreferrer\">Continue reading\u2026<\/a><\/em><\/strong><\/p><\/div>\n\t\t\t\t<\/div>\n\t\t\t\t\t\t\t<div class=\"elementor-accordion-item\">\n\t\t\t\t\t<div id=\"elementor-tab-title-1698\" class=\"elementor-tab-title\" data-tab=\"8\" role=\"button\" aria-controls=\"elementor-tab-content-1698\" aria-expanded=\"false\">\n\t\t\t\t\t\t\t\t\t\t\t\t\t<span class=\"elementor-accordion-icon elementor-accordion-icon-left\" aria-hidden=\"true\">\n\t\t\t\t\t\t\t\t\t\t\t\t\t\t\t<span class=\"elementor-accordion-icon-closed\"><i class=\"fas fa-plus\"><\/i><\/span>\n\t\t\t\t\t\t\t\t<span class=\"elementor-accordion-icon-opened\"><i class=\"fas fa-minus\"><\/i><\/span>\n\t\t\t\t\t\t\t\t\t\t\t\t\t\t<\/span>\n\t\t\t\t\t\t\t\t\t\t\t\t<a class=\"elementor-accordion-title\" tabindex=\"0\">H\u00fcrriyet Daily News \u2013 74 percent of Syrians in Turkey want Turkish citizenship: Poll<\/a>\n\t\t\t\t\t<\/div>\n\t\t\t\t\t<div id=\"elementor-tab-content-1698\" class=\"elementor-tab-content elementor-clearfix\" data-tab=\"8\" role=\"region\" aria-labelledby=\"elementor-tab-title-1698\"><p>Some 74 percent of Syrians who fled their war-torn country to seek a better life in Turkey have said they wanted to obtain Turkish citizenship, according to a poll carried out by the Humanitarian Development Foundation (\u0130NGEV) and IPSOS. Some 52 percent of the Syrian respondents said they were planning to build their future in Turkey, the poll showed\u2026\u00a0<strong><em><a href=\"http:\/\/www.hurriyetdailynews.com\/74-percent-of-syrians-in-turkey-want-turkish-citizenship-poll.aspx?pageID=238&amp;nid=115799&amp;NewsCatID=341\" target=\"_blank\" rel=\"noopener noreferrer\">Continue reading\u2026<\/a><\/em><\/strong><\/p><\/div>\n\t\t\t\t<\/div>\n\t\t\t\t\t\t\t<div class=\"elementor-accordion-item\">\n\t\t\t\t\t<div id=\"elementor-tab-title-1699\" class=\"elementor-tab-title\" data-tab=\"9\" role=\"button\" aria-controls=\"elementor-tab-content-1699\" aria-expanded=\"false\">\n\t\t\t\t\t\t\t\t\t\t\t\t\t<span class=\"elementor-accordion-icon elementor-accordion-icon-left\" aria-hidden=\"true\">\n\t\t\t\t\t\t\t\t\t\t\t\t\t\t\t<span class=\"elementor-accordion-icon-closed\"><i class=\"fas fa-plus\"><\/i><\/span>\n\t\t\t\t\t\t\t\t<span class=\"elementor-accordion-icon-opened\"><i class=\"fas fa-minus\"><\/i><\/span>\n\t\t\t\t\t\t\t\t\t\t\t\t\t\t<\/span>\n\t\t\t\t\t\t\t\t\t\t\t\t<a class=\"elementor-accordion-title\" tabindex=\"0\">H\u00fcrriyet Daily News \u2013 Best districts to live in Turkey revealed<\/a>\n\t\t\t\t\t<\/div>\n\t\t\t\t\t<div id=\"elementor-tab-content-1699\" class=\"elementor-tab-content elementor-clearfix\" data-tab=\"9\" role=\"region\" aria-labelledby=\"elementor-tab-title-1699\"><p>Turkey\u2019s top 18 districts in terms of human development are from the country\u2019s biggest cities of Istanbul, Ankara, Bursa and Antalya, while the 11 districts that scored lowest were in the east and southeast, an Istanbul-based foundation has revealed. In its \u201cAct*Human Human Development Summit\u201d held in Istanbul on Jan. 25, the Human Development Foundation (\u0130NGEV) presented its recent research in which 150 district in 30 Turkish provinces were evaluated based on 50 criteria that were chosen&nbsp;<a href=\"http:\/\/www.hurriyetdailynews.com\/best-districts-to-live-in-turkey-revealed-.aspx?pageID=238&amp;nID=109020&amp;NewsCatID=341\" target=\"_blank\" rel=\"noopener noreferrer\" style=\"background-color: white;\">more\u2026<\/a><\/p><\/div>\n\t\t\t\t<\/div>\n\t\t\t\t\t\t\t<div class=\"elementor-accordion-item\">\n\t\t\t\t\t<div id=\"elementor-tab-title-16910\" class=\"elementor-tab-title\" data-tab=\"10\" role=\"button\" aria-controls=\"elementor-tab-content-16910\" aria-expanded=\"false\">\n\t\t\t\t\t\t\t\t\t\t\t\t\t<span class=\"elementor-accordion-icon elementor-accordion-icon-left\" aria-hidden=\"true\">\n\t\t\t\t\t\t\t\t\t\t\t\t\t\t\t<span class=\"elementor-accordion-icon-closed\"><i class=\"fas fa-plus\"><\/i><\/span>\n\t\t\t\t\t\t\t\t<span class=\"elementor-accordion-icon-opened\"><i class=\"fas fa-minus\"><\/i><\/span>\n\t\t\t\t\t\t\t\t\t\t\t\t\t\t<\/span>\n\t\t\t\t\t\t\t\t\t\t\t\t<a class=\"elementor-accordion-title\" tabindex=\"0\">IBC \u2013 INGEV \u2013 ACTHUMAN SUMMIT<\/a>\n\t\t\t\t\t<\/div>\n\t\t\t\t\t<div id=\"elementor-tab-content-16910\" class=\"elementor-tab-content elementor-clearfix\" data-tab=\"10\" role=\"region\" aria-labelledby=\"elementor-tab-title-16910\"><p>INGEV Foundation organized the ACT Human- Human Development Summit at Istanbul Swiss Hotel on 25th January 2017 to increase the awareness of human development in our country and strengthen the place of social awareness of business sector.The summit took place with the participation of senior executives from business sector, government and local authorities as well as NGO\u2019s.\u00a0<a href=\"https:\/\/ibc.org.tr\/en\/sayfa.php?d=haber&amp;icerik=306&amp;sayfa=detay&amp;baslik=INGEV---ACTHUMAN-SUMMIT\" target=\"_blank\" rel=\"noopener noreferrer\">more<\/a><\/p><\/div>\n\t\t\t\t<\/div>\n\t\t\t\t\t\t\t<div class=\"elementor-accordion-item\">\n\t\t\t\t\t<div id=\"elementor-tab-title-16911\" class=\"elementor-tab-title\" data-tab=\"11\" role=\"button\" aria-controls=\"elementor-tab-content-16911\" aria-expanded=\"false\">\n\t\t\t\t\t\t\t\t\t\t\t\t\t<span class=\"elementor-accordion-icon elementor-accordion-icon-left\" aria-hidden=\"true\">\n\t\t\t\t\t\t\t\t\t\t\t\t\t\t\t<span class=\"elementor-accordion-icon-closed\"><i class=\"fas fa-plus\"><\/i><\/span>\n\t\t\t\t\t\t\t\t<span class=\"elementor-accordion-icon-opened\"><i class=\"fas fa-minus\"><\/i><\/span>\n\t\t\t\t\t\t\t\t\t\t\t\t\t\t<\/span>\n\t\t\t\t\t\t\t\t\t\t\t\t<a class=\"elementor-accordion-title\" tabindex=\"0\">BE\u015e\u0130KTA\u015e MUNICIPALITY \u2013 Be\u015fikta\u015f has been selected the best district in Turkey in the Economic Situation Index and Education Index categories<\/a>\n\t\t\t\t\t<\/div>\n\t\t\t\t\t<div id=\"elementor-tab-content-16911\" class=\"elementor-tab-content elementor-clearfix\" data-tab=\"11\" role=\"region\" aria-labelledby=\"elementor-tab-title-16911\"><p>\u0130NGEV (Human Development Foundation) has recently conducted a research with the title \u2018Human Development Index \u2013 Districts (\u0130GE-\u0130)\u2019 based on the districts throughout Turkey and the results of the research have been announced. Be\u015fikta\u015f took the 1st place in the \u2018<em>Economic Situation\u2019\u00a0<\/em>and\u00a0<em>the \u2018Education Index\u2019\u00a0<\/em>categories and also took the 3rd place in the \u2018Main Index\u2019 category.\u00a0<a style=\"background-color: white;\" href=\"http:\/\/en.besiktas.bel.tr\/entry\/bsk-mnp\/\" target=\"_blank\" rel=\"noopener noreferrer\">more\u2026<\/a><\/p><\/div>\n\t\t\t\t<\/div>\n\t\t\t\t\t\t\t<div class=\"elementor-accordion-item\">\n\t\t\t\t\t<div id=\"elementor-tab-title-16912\" class=\"elementor-tab-title\" data-tab=\"12\" role=\"button\" aria-controls=\"elementor-tab-content-16912\" aria-expanded=\"false\">\n\t\t\t\t\t\t\t\t\t\t\t\t\t<span class=\"elementor-accordion-icon elementor-accordion-icon-left\" aria-hidden=\"true\">\n\t\t\t\t\t\t\t\t\t\t\t\t\t\t\t<span class=\"elementor-accordion-icon-closed\"><i class=\"fas fa-plus\"><\/i><\/span>\n\t\t\t\t\t\t\t\t<span class=\"elementor-accordion-icon-opened\"><i class=\"fas fa-minus\"><\/i><\/span>\n\t\t\t\t\t\t\t\t\t\t\t\t\t\t<\/span>\n\t\t\t\t\t\t\t\t\t\t\t\t<a class=\"elementor-accordion-title\" tabindex=\"0\">\u00c7ANKAYA MUNICIPALITY \u2013 \u00c7ANKAYA HAS BEEN RANKED AS FIRST OF TURKEY FOR HUMAN DEVELOPMENT<\/a>\n\t\t\t\t\t<\/div>\n\t\t\t\t\t<div id=\"elementor-tab-content-16912\" class=\"elementor-tab-content elementor-clearfix\" data-tab=\"12\" role=\"region\" aria-labelledby=\"elementor-tab-title-16912\"><p>\u00c7ankaya Municipality has been ranked as first of Turkey in all categories in the field of \u201cHuman Development and Life\u201d in the research conducted by Human Development Foundation, which was presented at the Act * Human Development Summit hosted by Human Development Foundation (\u0130NGEV). Mr. Ta\u015fdelen: \u201cWe invested in people and environment for a livable city. We just worked and only worked for people\u201d.&nbsp;<a href=\"http:\/\/en.cankaya.bel.tr\/ShowNews\/showNews\/141\" target=\"_blank\" rel=\"noopener noreferrer\" style=\"background-color: white;\">more\u2026<\/a><\/p><\/div>\n\t\t\t\t<\/div>\n\t\t\t\t\t\t\t\t<\/div>\n\t\t\t\t<\/div>\n\t\t\t\t<\/div>\n\t\t\t\t\t<\/div>\n\t\t<\/div>\n\t\t\t\t\t<\/div>\n\t\t<\/section>\n\t\t\t\t<\/div>\n\t\t","protected":false},"excerpt":{"rendered":"<p>EBRD launches mentoring programme for Syrian entrepreneurs in Turkey Syrian entrepreneurs in Turkey, who have fled the conflict in their home country, will have access to local business networks and know-how to build their managerial capacity thanks to a mentoring programme launched by the EBRD today.\u00a0Continue reading\u2026 Turkey, once a haven for Syrian refugees, grows [&hellip;]<\/p>\n","protected":false},"author":6,"featured_media":0,"parent":0,"menu_order":0,"comment_status":"closed","ping_status":"closed","template":"","meta":{"footnotes":""},"_links":{"self":[{"href":"https:\/\/ingev.org\/en\/wp-json\/wp\/v2\/pages\/14436"}],"collection":[{"href":"https:\/\/ingev.org\/en\/wp-json\/wp\/v2\/pages"}],"about":[{"href":"https:\/\/ingev.org\/en\/wp-json\/wp\/v2\/types\/page"}],"author":[{"embeddable":true,"href":"https:\/\/ingev.org\/en\/wp-json\/wp\/v2\/users\/6"}],"replies":[{"embeddable":true,"href":"https:\/\/ingev.org\/en\/wp-json\/wp\/v2\/comments?post=14436"}],"version-history":[{"count":14,"href":"https:\/\/ingev.org\/en\/wp-json\/wp\/v2\/pages\/14436\/revisions"}],"predecessor-version":[{"id":14976,"href":"https:\/\/ingev.org\/en\/wp-json\/wp\/v2\/pages\/14436\/revisions\/14976"}],"wp:attachment":[{"href":"https:\/\/ingev.org\/en\/wp-json\/wp\/v2\/media?parent=14436"}],"curies":[{"name":"wp","href":"https:\/\/api.w.org\/{rel}","templated":true}]}}